{"id":1415,"date":"2022-03-11T14:49:04","date_gmt":"2022-03-11T14:49:04","guid":{"rendered":"https:\/\/botamal.is\/?page_id=1415"},"modified":"2024-02-02T13:31:44","modified_gmt":"2024-02-02T13:31:44","slug":"sjoslys","status":"publish","type":"page","link":"http:\/\/botamal.is\/en\/slys\/sjoslys\/","title":{"rendered":"Sj\u00f3slys"},"content":{"rendered":"<div data-elementor-type=\"wp-page\" data-elementor-id=\"1415\" class=\"elementor elementor-1415\">\n\t\t\t\t\t\t<section class=\"elementor-section elementor-top-section elementor-element elementor-element-2d32576e elementor-section-boxed elementor-section-height-default elementor-section-height-default\" data-id=\"2d32576e\" data-element_type=\"section\" data-e-type=\"section\" data-settings=\"{&quot;background_background&quot;:&quot;classic&quot;}\">\n\t\t\t\t\t\t\t<div class=\"elementor-background-overlay\"><\/div>\n\t\t\t\t\t\t\t<div class=\"elementor-container elementor-column-gap-default\">\n\t\t\t\t\t<div class=\"elementor-column elementor-col-100 elementor-top-column elementor-element elementor-element-76bf4f6c\" data-id=\"76bf4f6c\" data-element_type=\"column\" data-e-type=\"column\">\n\t\t\t<div class=\"elementor-widget-wrap elementor-element-populated\">\n\t\t\t\t\t\t<div class=\"elementor-element elementor-element-3e4fbbec elementor-widget elementor-widget-spacer\" data-id=\"3e4fbbec\" data-element_type=\"widget\" data-e-type=\"widget\" data-widget_type=\"spacer.default\">\n\t\t\t\t<div class=\"elementor-widget-container\">\n\t\t\t\t\t\t\t<div class=\"elementor-spacer\">\n\t\t\t<div class=\"elementor-spacer-inner\"><\/div>\n\t\t<\/div>\n\t\t\t\t\t\t<\/div>\n\t\t\t\t<\/div>\n\t\t\t\t<div class=\"elementor-element elementor-element-4c49067d elementor-hidden-mobile elementor-widget elementor-widget-spacer\" data-id=\"4c49067d\" data-element_type=\"widget\" data-e-type=\"widget\" data-widget_type=\"spacer.default\">\n\t\t\t\t<div class=\"elementor-widget-container\">\n\t\t\t\t\t\t\t<div class=\"elementor-spacer\">\n\t\t\t<div class=\"elementor-spacer-inner\"><\/div>\n\t\t<\/div>\n\t\t\t\t\t\t<\/div>\n\t\t\t\t<\/div>\n\t\t\t\t<div class=\"elementor-element elementor-element-1cafbc3a elementor-widget elementor-widget-heading\" data-id=\"1cafbc3a\" data-element_type=\"widget\" data-e-type=\"widget\" data-widget_type=\"heading.default\">\n\t\t\t\t<div class=\"elementor-widget-container\">\n\t\t\t\t\t<h4 class=\"elementor-heading-title elementor-size-default\">sj\u00f3slys<\/h4>\t\t\t\t<\/div>\n\t\t\t\t<\/div>\n\t\t\t\t\t<\/div>\n\t\t<\/div>\n\t\t\t\t\t<\/div>\n\t\t<\/section>\n\t\t\t\t<section class=\"elementor-section elementor-top-section elementor-element elementor-element-8fa1a9c elementor-section-boxed elementor-section-height-default elementor-section-height-default\" data-id=\"8fa1a9c\" data-element_type=\"section\" data-e-type=\"section\">\n\t\t\t\t\t\t<div class=\"elementor-container elementor-column-gap-default\">\n\t\t\t\t\t<div class=\"elementor-column elementor-col-50 elementor-top-column elementor-element elementor-element-66bc1640\" data-id=\"66bc1640\" data-element_type=\"column\" data-e-type=\"column\">\n\t\t\t<div class=\"elementor-widget-wrap elementor-element-populated\">\n\t\t\t\t\t\t<div class=\"elementor-element elementor-element-74337d97 elementor-widget elementor-widget-spacer\" data-id=\"74337d97\" data-element_type=\"widget\" data-e-type=\"widget\" data-widget_type=\"spacer.default\">\n\t\t\t\t<div class=\"elementor-widget-container\">\n\t\t\t\t\t\t\t<div class=\"elementor-spacer\">\n\t\t\t<div class=\"elementor-spacer-inner\"><\/div>\n\t\t<\/div>\n\t\t\t\t\t\t<\/div>\n\t\t\t\t<\/div>\n\t\t\t\t<div class=\"elementor-element elementor-element-837909 eael-infobox-icon-bg-shape-square elementor-hidden-mobile eael-infobox-content-align--center eael-infobox-icon-hover-bg-shape-none elementor-invisible elementor-widget elementor-widget-eael-info-box\" data-id=\"837909\" data-element_type=\"widget\" data-e-type=\"widget\" data-settings=\"{&quot;_animation&quot;:&quot;fadeInLeft&quot;,&quot;_animation_mobile&quot;:&quot;fadeInRight&quot;}\" data-widget_type=\"eael-info-box.default\">\n\t\t\t\t<div class=\"elementor-widget-container\">\n\t\t\t\t\t        <div class=\"eael-infobox icon-on-top\">\n\t            <div class=\"infobox-icon eael-icon-only\">\n\n            \n                            <div class=\"infobox-icon-wrap\">\n                    <i aria-hidden=\"true\" class=\"fas fa-ship\"><\/i>                <\/div>\n            \n            \n        <\/div>\n            <div class=\"infobox-content eael-icon-only\">\n                <\/div>\n            <\/div>\n\n\t\t\t\t\t\t<\/div>\n\t\t\t\t<\/div>\n\t\t\t\t\t<\/div>\n\t\t<\/div>\n\t\t\t\t<div class=\"elementor-column elementor-col-50 elementor-top-column elementor-element elementor-element-722aba0e\" data-id=\"722aba0e\" data-element_type=\"column\" data-e-type=\"column\">\n\t\t\t<div class=\"elementor-widget-wrap elementor-element-populated\">\n\t\t\t\t\t\t<div class=\"elementor-element elementor-element-2d9e8f3e elementor-hidden-mobile elementor-widget elementor-widget-spacer\" data-id=\"2d9e8f3e\" data-element_type=\"widget\" data-e-type=\"widget\" data-widget_type=\"spacer.default\">\n\t\t\t\t<div class=\"elementor-widget-container\">\n\t\t\t\t\t\t\t<div class=\"elementor-spacer\">\n\t\t\t<div class=\"elementor-spacer-inner\"><\/div>\n\t\t<\/div>\n\t\t\t\t\t\t<\/div>\n\t\t\t\t<\/div>\n\t\t\t\t<div class=\"elementor-element elementor-element-68e7faf elementor-invisible elementor-widget elementor-widget-heading\" data-id=\"68e7faf\" data-element_type=\"widget\" data-e-type=\"widget\" data-settings=\"{&quot;_animation&quot;:&quot;fadeIn&quot;}\" data-widget_type=\"heading.default\">\n\t\t\t\t<div class=\"elementor-widget-container\">\n\t\t\t\t\t<h2 class=\"elementor-heading-title elementor-size-default\">\u00fe\u00fa \u00fearft ekki a\u00f0 vera \u00f3vinnuf\u00e6r til \u00feess a\u00f0 eiga r\u00e9tt \u00e1 b\u00f3tum.<\/h2>\t\t\t\t<\/div>\n\t\t\t\t<\/div>\n\t\t\t\t<div class=\"elementor-element elementor-element-336e7fe elementor-widget elementor-widget-text-editor\" data-id=\"336e7fe\" data-element_type=\"widget\" data-e-type=\"widget\" data-settings=\"{&quot;_animation_mobile&quot;:&quot;fadeInUp&quot;}\" data-widget_type=\"text-editor.default\">\n\t\t\t\t<div class=\"elementor-widget-container\">\n\t\t\t\t\t\t\t\t\t<p class=\"p1\">Sj\u00f3menn sem slasast vi\u00f0 vinnu s\u00edna \u00e1 sj\u00f3 eiga v\u00ed\u00f0takari b\u00f3tar\u00e9tt en \u00feeir sem slasast vi\u00f0 st\u00f6rf \u00ed landi. Ef \u00fe\u00fa ollir slysinu sj\u00e1lfur getur \u00fe\u00fa engu a\u00f0 s\u00ed\u00f0ur \u00e1tt b\u00f3tar\u00e9tt. Hafir \u00fe\u00fa slasast vi\u00f0 sj\u00f3mannsst\u00f6rf er mikilv\u00e6gt a\u00f0 \u00fe\u00fa kannir \u00feinn b\u00f3tar\u00e9tt.<\/p><p class=\"p1\"><em>\u00de\u00fa \u00fearft ekki a\u00f0 vera \u00f3vinnuf\u00e6r til \u00feess varanleg \u00f6rorka geti talist til sta\u00f0ar. Fj\u00f6lm\u00f6rg d\u00e6mi eru um a\u00f0 tj\u00f3n\u00feolar hafi or\u00f0i\u00f0 af millj\u00f3na b\u00f3tar\u00e9tti vegna \u00feess a\u00f0 \u00feeir telja sig ekki hafa slasast n\u00f3gu alvarlega e\u00f0a miki\u00f0 \u00fer\u00e1tt fyrir a\u00f0 skilyr\u00f0i fyrir b\u00f3tagrei\u00f0slum hafi auglj\u00f3slega veri\u00f0 til sta\u00f0ar. \u00dea\u00f0 kostar ekkert a\u00f0 kanna m\u00e1li\u00f0 hj\u00e1 okkur en \u00fea\u00f0 getur reynst d\u00fdrkeypt a\u00f0 gera \u00fea\u00f0 ekki.<\/em><\/p>\t\t\t\t\t\t\t\t<\/div>\n\t\t\t\t<\/div>\n\t\t\t\t<div class=\"elementor-element elementor-element-e78dedd premium-modal-dismissible-yes elementor-invisible elementor-widget elementor-widget-premium-addon-modal-box\" data-id=\"e78dedd\" data-element_type=\"widget\" data-e-type=\"widget\" data-settings=\"{&quot;_animation&quot;:&quot;fadeInUp&quot;,&quot;premium_modal_box_animation&quot;:&quot;fadeInDown&quot;}\" data-widget_type=\"premium-addon-modal-box.default\">\n\t\t\t\t<div class=\"elementor-widget-container\">\n\t\t\t\t\t\n\t\t<div class=\"premium-modal-box-container\" data-settings=\"{&quot;trigger&quot;:&quot;button&quot;,&quot;show_on_exit&quot;:false}\">\n\t\t\t<div class=\"premium-modal-trigger-container\">\n\t\t\t\t\t\t\t\t\t<button data-toggle=\"premium-modal\" data-target=\"#premium-modal-e78dedd\" type=\"button\" class=\"premium-modal-trigger-btn premium-btn-lg premium-button-none\" data-text=\"B\u00d3KA FR\u00cdA R\u00c1\u00d0GJ\u00d6F\">\n\n\t\t\t\t\t\t\n\t\t\t\t\t\t<div class=\"premium-button-text-icon-wrapper\">\n\t\t\t\t\t\t\t<span>B\u00d3KA FR\u00cdA R\u00c1\u00d0GJ\u00d6F<\/span>\n\t\t\t\t\t\t<\/div>\n\n\t\t\t\t\t\t\n\t\t\t\t\t\t\n\t\t\t\t\t\t\n\t\t\t\t\t<\/button>\n\t\t\t\t\t\t\t<\/div>\n\n\t\t\t<div id=\"premium-modal-e78dedd\" class=\"premium-modal-box-modal\"\n\t\t\trole=\"dialog\"\n\t\t\tstyle=\"display: none\"\n\t\t\t>\n\t\t\t\t<div class=\"premium-modal-box-modal-dialog\" data-delay-animation=\"\" data-modal-animation=\"fadeInDown animated-fast\">\n\t\t\t\t\t\t\t\t\t\t<div class=\"premium-modal-box-modal-body\">\n\t\t\t\t\t\t\t\t\t\t\t\t\t<p><iframe src=\"http:\/\/botamal.is\/wp-json\/ssa\/v1\/embed-inner?integration&#038;type=radgjof&#038;label&#038;types=1&#038;edit&#038;view&#038;payment_provider&#038;ssa_locale=is_IS&#038;ssa_is_rtl&#038;sid=b89c089b57dec67a2c5d42682a9b62ad65cdaf60&#038;availability_start_date&#038;availability_end_date&#038;suggest_first_available&#038;suggest_first_available_within_minutes&#038;flow&#038;fallback_flow&#038;time_view&#038;date_view&#038;appointment_types_view&#038;version&#038;accent_color&#038;background&#038;padding&#038;font&#038;booking_url=https%3A%2F%2Fbotamal.is%2Fslys%2Fsjoslys%2F&#038;booking_post_id=1415&#038;booking_title=Sj%C3%B3slys&#038;_wpnonce=82e5d0c533&#038;redirect_post_id&#038;mepr_membership_id#\/\" height=\"400px\" width=\"100%\" name=\"ssa_booking\" loading=\"eager\" frameborder=\"0\" data-skip-lazy=\"1\" class=\"ssa_booking_iframe skip-lazy\" title=\"Book a time\"><\/iframe><\/p>\n\t\t\t\t\t\t\t\t\t\t\t<\/div>\n\t\t\t\t\t\t\t\t\t\t\t<div class=\"premium-modal-box-modal-footer\">\n\t\t\t\t\t\t\t<button type=\"button\" class=\"premium-modal-box-modal-lower-close\" data-dismiss=\"premium-modal\">\n\t\t\t\t\t\t\t\tLOKA\t\t\t\t\t\t\t<\/button>\n\t\t\t\t\t\t<\/div>\n\t\t\t\t\t\t\t\t\t<\/div>\n\t\t\t<\/div>\n\t\t<\/div>\n\t\t\t\t\t\t<\/div>\n\t\t\t\t<\/div>\n\t\t\t\t<div class=\"elementor-element elementor-element-42adacf5 elementor-widget elementor-widget-spacer\" data-id=\"42adacf5\" data-element_type=\"widget\" data-e-type=\"widget\" data-widget_type=\"spacer.default\">\n\t\t\t\t<div class=\"elementor-widget-container\">\n\t\t\t\t\t\t\t<div class=\"elementor-spacer\">\n\t\t\t<div class=\"elementor-spacer-inner\"><\/div>\n\t\t<\/div>\n\t\t\t\t\t\t<\/div>\n\t\t\t\t<\/div>\n\t\t\t\t\t<\/div>\n\t\t<\/div>\n\t\t\t\t\t<\/div>\n\t\t<\/section>\n\t\t\t\t<section class=\"elementor-section elementor-top-section elementor-element elementor-element-741d185e elementor-section-content-top elementor-section-boxed elementor-section-height-default elementor-section-height-default\" data-id=\"741d185e\" data-element_type=\"section\" data-e-type=\"section\" data-settings=\"{&quot;background_background&quot;:&quot;classic&quot;}\">\n\t\t\t\t\t\t\t<div class=\"elementor-background-overlay\"><\/div>\n\t\t\t\t\t\t\t<div class=\"elementor-container elementor-column-gap-no\">\n\t\t\t\t\t<div class=\"elementor-column elementor-col-100 elementor-top-column elementor-element elementor-element-1e9fb294\" data-id=\"1e9fb294\" data-element_type=\"column\" data-e-type=\"column\">\n\t\t\t<div class=\"elementor-widget-wrap elementor-element-populated\">\n\t\t\t\t\t\t<div class=\"elementor-element elementor-element-46f22fc3 elementor-invisible elementor-widget elementor-widget-heading\" data-id=\"46f22fc3\" data-element_type=\"widget\" data-e-type=\"widget\" data-settings=\"{&quot;_animation&quot;:&quot;fadeInUp&quot;,&quot;_animation_mobile&quot;:&quot;fadeInUp&quot;}\" data-widget_type=\"heading.default\">\n\t\t\t\t<div class=\"elementor-widget-container\">\n\t\t\t\t\t<h5 class=\"elementor-heading-title elementor-size-default\">h\u00f6fum \u00feetta einfalt.<\/h5>\t\t\t\t<\/div>\n\t\t\t\t<\/div>\n\t\t\t\t<div class=\"elementor-element elementor-element-6c5c474 elementor-invisible elementor-widget elementor-widget-heading\" data-id=\"6c5c474\" data-element_type=\"widget\" data-e-type=\"widget\" data-settings=\"{&quot;_animation&quot;:&quot;fadeInUp&quot;,&quot;_animation_mobile&quot;:&quot;fadeInUp&quot;}\" data-widget_type=\"heading.default\">\n\t\t\t\t<div class=\"elementor-widget-container\">\n\t\t\t\t\t<h2 class=\"elementor-heading-title elementor-size-default\">\u00fea\u00f0 kostar ekkert a\u00f0 athuga m\u00e1li\u00f0!<\/h2>\t\t\t\t<\/div>\n\t\t\t\t<\/div>\n\t\t\t\t<div class=\"elementor-element elementor-element-5595a87a elementor-invisible elementor-widget elementor-widget-text-editor\" data-id=\"5595a87a\" data-element_type=\"widget\" data-e-type=\"widget\" data-settings=\"{&quot;_animation&quot;:&quot;fadeInUp&quot;,&quot;_animation_mobile&quot;:&quot;fadeInUp&quot;}\" data-widget_type=\"text-editor.default\">\n\t\t\t\t<div class=\"elementor-widget-container\">\n\t\t\t\t\t\t\t\t\t<p>Fyrsta vi\u00f0tal \u00fear sem f\u00e6ri gefst \u00e1 a\u00f0 fara yfir slysi\u00f0 og kanna hvort grundv\u00f6llur s\u00e9 til a\u00f0 a\u00f0hafast \u00ed \u00fe\u00ednu tilfelli er \u00e1vallt \u00fe\u00e9r a\u00f0 kostna\u00f0arlausu.<\/p>\t\t\t\t\t\t\t\t<\/div>\n\t\t\t\t<\/div>\n\t\t\t\t<div class=\"elementor-element elementor-element-16fb3959 elementor-invisible elementor-widget elementor-widget-text-editor\" data-id=\"16fb3959\" data-element_type=\"widget\" data-e-type=\"widget\" data-settings=\"{&quot;_animation&quot;:&quot;fadeInUp&quot;,&quot;_animation_mobile&quot;:&quot;fadeInUp&quot;}\" data-widget_type=\"text-editor.default\">\n\t\t\t\t<div class=\"elementor-widget-container\">\n\t\t\t\t\t\t\t\t\t<p>A\u00f0 sama skapi er l\u00f6gfr\u00e6\u00f0i\u00fe\u00f3knun vegna b\u00f3tam\u00e1la bundin \u00fev\u00ed skilyr\u00f0i a\u00f0 \u00fe\u00fa f\u00e1ir greiddar b\u00e6tur. Grei\u00f0ist engar b\u00e6tur grei\u00f0ir \u00fe\u00fa enga l\u00f6gfr\u00e6\u00f0i\u00fe\u00f3knun, nema ef \u00fe\u00fa \u00e1kve\u00f0ur a\u00f0 fara me\u00f0 m\u00e1l \u00feitt fyrir d\u00f3mst\u00f3la, \u00fe\u00e1 grei\u00f0ist s\u00e9rstaklega fyrir \u00feann m\u00e1larekstur.<\/p>\t\t\t\t\t\t\t\t<\/div>\n\t\t\t\t<\/div>\n\t\t\t\t\t<\/div>\n\t\t<\/div>\n\t\t\t\t\t<\/div>\n\t\t<\/section>\n\t\t\t\t<\/div>","protected":false},"excerpt":{"rendered":"<p>sj\u00f3slys \u00fe\u00fa \u00fearft ekki a\u00f0 vera \u00f3vinnuf\u00e6r til \u00feess a\u00f0 eiga r\u00e9tt \u00e1 b\u00f3tum. Sj\u00f3menn sem slasast vi\u00f0 vinnu s\u00edna \u00e1 sj\u00f3 eiga v\u00ed\u00f0takari b\u00f3tar\u00e9tt en \u00feeir sem slasast vi\u00f0 st\u00f6rf \u00ed landi. Ef \u00fe\u00fa ollir slysinu sj\u00e1lfur getur \u00fe\u00fa engu a\u00f0 s\u00ed\u00f0ur \u00e1tt b\u00f3tar\u00e9tt. Hafir \u00fe\u00fa slasast vi\u00f0 sj\u00f3mannsst\u00f6rf er mikilv\u00e6gt a\u00f0 \u00fe\u00fa kannir [&hellip;]<\/p>\n","protected":false},"author":2,"featured_media":0,"parent":542,"menu_order":0,"comment_status":"closed","ping_status":"closed","template":"","meta":{"site-sidebar-layout":"no-sidebar","site-content-layout":"page-builder","ast-site-content-layout":"default","site-content-style":"default","site-sidebar-style":"default","ast-global-header-display":"","ast-banner-title-visibility":"","ast-main-header-display":"","ast-hfb-above-header-display":"","ast-hfb-below-header-display":"","ast-hfb-mobile-header-display":"","site-post-title":"disabled","ast-breadcrumbs-content":"","ast-featured-img":"disabled","footer-sml-layout":"","ast-disable-related-posts":"","theme-transparent-header-meta":"","adv-header-id-meta":"","stick-header-meta":"","header-above-stick-meta":"","header-main-stick-meta":"","header-below-stick-meta":"","astra-migrate-meta-layouts":"default","ast-page-background-enabled":"default","ast-page-background-meta":{"desktop":{"background-color":"","background-image":"","background-repeat":"repeat","background-position":"center center","background-size":"auto","background-attachment":"scroll","background-type":"","background-media":"","overlay-type":"","overlay-color":"","overlay-opacity":"","overlay-gradient":""},"tablet":{"background-color":"","background-image":"","background-repeat":"repeat","background-position":"center center","background-size":"auto","background-attachment":"scroll","background-type":"","background-media":"","overlay-type":"","overlay-color":"","overlay-opacity":"","overlay-gradient":""},"mobile":{"background-color":"","background-image":"","background-repeat":"repeat","background-position":"center center","background-size":"auto","background-attachment":"scroll","background-type":"","background-media":"","overlay-type":"","overlay-color":"","overlay-opacity":"","overlay-gradient":""}},"ast-content-background-meta":{"desktop":{"background-color":"var(--ast-global-color-5)","background-image":"","background-repeat":"repeat","background-position":"center center","background-size":"auto","background-attachment":"scroll","background-type":"","background-media":"","overlay-type":"","overlay-color":"","overlay-opacity":"","overlay-gradient":""},"tablet":{"background-color":"var(--ast-global-color-5)","background-image":"","background-repeat":"repeat","background-position":"center center","background-size":"auto","background-attachment":"scroll","background-type":"","background-media":"","overlay-type":"","overlay-color":"","overlay-opacity":"","overlay-gradient":""},"mobile":{"background-color":"var(--ast-global-color-5)","background-image":"","background-repeat":"repeat","background-position":"center center","background-size":"auto","background-attachment":"scroll","background-type":"","background-media":"","overlay-type":"","overlay-color":"","overlay-opacity":"","overlay-gradient":""}},"footnotes":""},"class_list":["post-1415","page","type-page","status-publish","hentry"],"_links":{"self":[{"href":"http:\/\/botamal.is\/en\/wp-json\/wp\/v2\/pages\/1415","targetHints":{"allow":["GET"]}}],"collection":[{"href":"http:\/\/botamal.is\/en\/wp-json\/wp\/v2\/pages"}],"about":[{"href":"http:\/\/botamal.is\/en\/wp-json\/wp\/v2\/types\/page"}],"author":[{"embeddable":true,"href":"http:\/\/botamal.is\/en\/wp-json\/wp\/v2\/users\/2"}],"replies":[{"embeddable":true,"href":"http:\/\/botamal.is\/en\/wp-json\/wp\/v2\/comments?post=1415"}],"version-history":[{"count":0,"href":"http:\/\/botamal.is\/en\/wp-json\/wp\/v2\/pages\/1415\/revisions"}],"up":[{"embeddable":true,"href":"http:\/\/botamal.is\/en\/wp-json\/wp\/v2\/pages\/542"}],"wp:attachment":[{"href":"http:\/\/botamal.is\/en\/wp-json\/wp\/v2\/media?parent=1415"}],"curies":[{"name":"wp","href":"https:\/\/api.w.org\/{rel}","templated":true}]}}